{"id":11,"date":"2010-05-09T17:52:12","date_gmt":"2010-05-09T17:52:12","guid":{"rendered":"http:\/\/www.somagazkft.hu\/?page_id=11"},"modified":"2025-05-25T08:24:28","modified_gmt":"2025-05-25T08:24:28","slug":"szolgaltatasaink","status":"publish","type":"page","link":"https:\/\/www.somagazkft.hu\/?page_id=11","title":{"rendered":"Szolg\u00e1ltat\u00e1saink"},"content":{"rendered":"<div class=\"fusion-fullwidth fullwidth-box fusion-builder-row-1 fusion-flex-container nonhundred-percent-fullwidth non-hundred-percent-height-scrolling\" style=\"--awb-border-radius-top-left:0px;--awb-border-radius-top-right:0px;--awb-border-radius-bottom-right:0px;--awb-border-radius-bottom-left:0px;--awb-flex-wrap:wrap;\" ><div class=\"fusion-builder-row fusion-row fusion-flex-align-items-flex-start fusion-flex-content-wrap\" style=\"max-width:1430px;margin-left: calc(-4% \/ 2 );margin-right: calc(-4% \/ 2 );\"><div class=\"fusion-layout-column fusion_builder_column fusion-builder-column-0 fusion_builder_column_1_1 1_1 fusion-flex-column\" style=\"--awb-bg-color:var(--awb-color4);--awb-bg-color-hover:var(--awb-color4);--awb-bg-size:cover;--awb-width-large:100%;--awb-margin-top-large:0px;--awb-spacing-right-large:1.92%;--awb-margin-bottom-large:0px;--awb-spacing-left-large:1.92%;--awb-width-medium:100%;--awb-spacing-right-medium:1.92%;--awb-spacing-left-medium:1.92%;--awb-width-small:100%;--awb-spacing-right-small:1.92%;--awb-spacing-left-small:1.92%;\"><div class=\"fusion-column-wrapper fusion-flex-justify-content-flex-start fusion-content-layout-column\"><div class=\"fusion-text fusion-text-1\"><p>SZOLG\u00c1LTAT\u00c1SAINK:<\/p>\n<p>G\u00c1ZK\u00c9SZ\u00dcL\u00c9K BE\u00dcZEMEL\u00c9S<\/p>\n<p>G\u00c1ZK\u00c9SZ\u00dcL\u00c9K JAV\u00cdT\u00c1S<\/p>\n<p>G\u00c1ZK\u00c9SZ\u00dcL\u00c9K FEL\u00dcLVIZSG\u00c1LAT<\/p>\n<p>G\u00c1ZK\u00c9SZ\u00dcL\u00c9K KARBANTART\u00c1S<\/p>\n<p>G\u00c1ZK\u00c9SZ\u00dcL\u00c9K CSERE<\/p>\n<p>SZ\u00c9NMONOXID M\u00c9R\u00c9S \u00c9S ELLEN\u0150RZ\u00c9S<\/p>\n<p>VILLANYBOJLER \u00c9S T\u00c1ROL\u00d3 SZERVIZEL\u00c9S<\/p>\n<p>V\u00cdZK\u0150TELEN\u00cdT\u00c9S<\/p>\n<p>G\u00c1ZSZEREL\u00c9S<\/p>\n<\/div><\/div><\/div><\/div><\/div>\n","protected":false},"excerpt":{"rendered":"","protected":false},"author":1,"featured_media":0,"parent":0,"menu_order":0,"comment_status":"closed","ping_status":"closed","template":"","meta":{"footnotes":""},"class_list":["post-11","page","type-page","status-publish","hentry"],"yoast_head":"<!-- This site is optimized with the Yoast SEO plugin v27.5 - https:\/\/yoast.com\/product\/yoast-seo-wordpress\/ -->\n<title>Szolg\u00e1ltat\u00e1saink - Somagazkft<\/title>\n<meta name=\"robots\" content=\"index, follow, max-snippet:-1, max-image-preview:large, max-video-preview:-1\" \/>\n<link rel=\"canonical\" href=\"https:\/\/www.somagazkft.hu\/?page_id=11\" \/>\n<meta property=\"og:locale\" content=\"hu_HU\" \/>\n<meta property=\"og:type\" content=\"article\" \/>\n<meta property=\"og:title\" content=\"Szolg\u00e1ltat\u00e1saink - Somagazkft\" \/>\n<meta property=\"og:url\" content=\"https:\/\/www.somagazkft.hu\/?page_id=11\" \/>\n<meta property=\"og:site_name\" content=\"Somagazkft\" \/>\n<meta property=\"article:modified_time\" content=\"2025-05-25T08:24:28+00:00\" \/>\n<meta name=\"twitter:card\" content=\"summary_large_image\" \/>\n<meta name=\"twitter:label1\" content=\"Becs\u00fclt olvas\u00e1si id\u0151\" \/>\n\t<meta name=\"twitter:data1\" content=\"1 perc\" \/>\n<script type=\"application\/ld+json\" class=\"yoast-schema-graph\">{\"@context\":\"https:\\\/\\\/schema.org\",\"@graph\":[{\"@type\":\"WebPage\",\"@id\":\"https:\\\/\\\/www.somagazkft.hu\\\/?page_id=11\",\"url\":\"https:\\\/\\\/www.somagazkft.hu\\\/?page_id=11\",\"name\":\"Szolg\u00e1ltat\u00e1saink - Somagazkft\",\"isPartOf\":{\"@id\":\"https:\\\/\\\/www.somagazkft.hu\\\/#website\"},\"datePublished\":\"2010-05-09T17:52:12+00:00\",\"dateModified\":\"2025-05-25T08:24:28+00:00\",\"breadcrumb\":{\"@id\":\"https:\\\/\\\/www.somagazkft.hu\\\/?page_id=11#breadcrumb\"},\"inLanguage\":\"hu\",\"potentialAction\":[{\"@type\":\"ReadAction\",\"target\":[\"https:\\\/\\\/www.somagazkft.hu\\\/?page_id=11\"]}]},{\"@type\":\"BreadcrumbList\",\"@id\":\"https:\\\/\\\/www.somagazkft.hu\\\/?page_id=11#breadcrumb\",\"itemListElement\":[{\"@type\":\"ListItem\",\"position\":1,\"name\":\"Kezd\u0151lap\",\"item\":\"https:\\\/\\\/www.somagazkft.hu\\\/\"},{\"@type\":\"ListItem\",\"position\":2,\"name\":\"Szolg\u00e1ltat\u00e1saink\"}]},{\"@type\":\"WebSite\",\"@id\":\"https:\\\/\\\/www.somagazkft.hu\\\/#website\",\"url\":\"https:\\\/\\\/www.somagazkft.hu\\\/\",\"name\":\"Somagazkft\",\"description\":\"g\u00e1zf\u0171t\u00e9s , g\u00e1zkaz\u00e1n jav\u00edt\u00e1s, szervizel\u00e9s, karbantart\u00e1s, g\u00e1zkaz\u00e1n csere\",\"potentialAction\":[{\"@type\":\"SearchAction\",\"target\":{\"@type\":\"EntryPoint\",\"urlTemplate\":\"https:\\\/\\\/www.somagazkft.hu\\\/?s={search_term_string}\"},\"query-input\":{\"@type\":\"PropertyValueSpecification\",\"valueRequired\":true,\"valueName\":\"search_term_string\"}}],\"inLanguage\":\"hu\"}]}<\/script>\n<!-- \/ Yoast SEO plugin. -->","yoast_head_json":{"title":"Szolg\u00e1ltat\u00e1saink - Somagazkft","robots":{"index":"index","follow":"follow","max-snippet":"max-snippet:-1","max-image-preview":"max-image-preview:large","max-video-preview":"max-video-preview:-1"},"canonical":"https:\/\/www.somagazkft.hu\/?page_id=11","og_locale":"hu_HU","og_type":"article","og_title":"Szolg\u00e1ltat\u00e1saink - Somagazkft","og_url":"https:\/\/www.somagazkft.hu\/?page_id=11","og_site_name":"Somagazkft","article_modified_time":"2025-05-25T08:24:28+00:00","twitter_card":"summary_large_image","twitter_misc":{"Becs\u00fclt olvas\u00e1si id\u0151":"1 perc"},"schema":{"@context":"https:\/\/schema.org","@graph":[{"@type":"WebPage","@id":"https:\/\/www.somagazkft.hu\/?page_id=11","url":"https:\/\/www.somagazkft.hu\/?page_id=11","name":"Szolg\u00e1ltat\u00e1saink - Somagazkft","isPartOf":{"@id":"https:\/\/www.somagazkft.hu\/#website"},"datePublished":"2010-05-09T17:52:12+00:00","dateModified":"2025-05-25T08:24:28+00:00","breadcrumb":{"@id":"https:\/\/www.somagazkft.hu\/?page_id=11#breadcrumb"},"inLanguage":"hu","potentialAction":[{"@type":"ReadAction","target":["https:\/\/www.somagazkft.hu\/?page_id=11"]}]},{"@type":"BreadcrumbList","@id":"https:\/\/www.somagazkft.hu\/?page_id=11#breadcrumb","itemListElement":[{"@type":"ListItem","position":1,"name":"Kezd\u0151lap","item":"https:\/\/www.somagazkft.hu\/"},{"@type":"ListItem","position":2,"name":"Szolg\u00e1ltat\u00e1saink"}]},{"@type":"WebSite","@id":"https:\/\/www.somagazkft.hu\/#website","url":"https:\/\/www.somagazkft.hu\/","name":"Somagazkft","description":"g\u00e1zf\u0171t\u00e9s , g\u00e1zkaz\u00e1n jav\u00edt\u00e1s, szervizel\u00e9s, karbantart\u00e1s, g\u00e1zkaz\u00e1n csere","potentialAction":[{"@type":"SearchAction","target":{"@type":"EntryPoint","urlTemplate":"https:\/\/www.somagazkft.hu\/?s={search_term_string}"},"query-input":{"@type":"PropertyValueSpecification","valueRequired":true,"valueName":"search_term_string"}}],"inLanguage":"hu"}]}},"jetpack-related-posts":[{"id":1277,"url":"https:\/\/www.somagazkft.hu\/","url_meta":{"origin":11,"position":0},"title":"Mechanic Home","author":"admin","date":"2021.07.19.","format":false,"excerpt":"","rel":"","context":"Similar post","block_context":{"text":"Similar post","link":""},"img":{"alt_text":"","src":"","width":0,"height":0},"classes":[]},{"id":41,"url":"https:\/\/www.somagazkft.hu\/?page_id=41","url_meta":{"origin":11,"position":1},"title":"Contact","author":"admin","date":"2021.01.20.","format":false,"excerpt":"","rel":"","context":"Similar post","block_context":{"text":"Similar post","link":""},"img":{"alt_text":"","src":"","width":0,"height":0},"classes":[]},{"id":27,"url":"https:\/\/www.somagazkft.hu\/?page_id=27","url_meta":{"origin":11,"position":2},"title":"D\u00edjszab\u00e1s","author":"admin","date":"2010.05.09.","format":false,"excerpt":"","rel":"","context":"Similar post","block_context":{"text":"Similar post","link":""},"img":{"alt_text":"","src":"","width":0,"height":0},"classes":[]},{"id":951,"url":"https:\/\/www.somagazkft.hu\/?page_id=951","url_meta":{"origin":11,"position":3},"title":"F.A.Q","author":"admin","date":"2021.02.01.","format":false,"excerpt":"","rel":"","context":"Similar post","block_context":{"text":"Similar post","link":""},"img":{"alt_text":"","src":"","width":0,"height":0},"classes":[]}],"jetpack_sharing_enabled":true,"_links":{"self":[{"href":"https:\/\/www.somagazkft.hu\/index.php?rest_route=\/wp\/v2\/pages\/11","targetHints":{"allow":["GET"]}}],"collection":[{"href":"https:\/\/www.somagazkft.hu\/index.php?rest_route=\/wp\/v2\/pages"}],"about":[{"href":"https:\/\/www.somagazkft.hu\/index.php?rest_route=\/wp\/v2\/types\/page"}],"author":[{"embeddable":true,"href":"https:\/\/www.somagazkft.hu\/index.php?rest_route=\/wp\/v2\/users\/1"}],"replies":[{"embeddable":true,"href":"https:\/\/www.somagazkft.hu\/index.php?rest_route=%2Fwp%2Fv2%2Fcomments&post=11"}],"version-history":[{"count":8,"href":"https:\/\/www.somagazkft.hu\/index.php?rest_route=\/wp\/v2\/pages\/11\/revisions"}],"predecessor-version":[{"id":6182,"href":"https:\/\/www.somagazkft.hu\/index.php?rest_route=\/wp\/v2\/pages\/11\/revisions\/6182"}],"wp:attachment":[{"href":"https:\/\/www.somagazkft.hu\/index.php?rest_route=%2Fwp%2Fv2%2Fmedia&parent=11"}],"curies":[{"name":"wp","href":"https:\/\/api.w.org\/{rel}","templated":true}]}}